{"id":1818,"date":"2021-06-08T07:48:07","date_gmt":"2021-06-08T05:48:07","guid":{"rendered":"https:\/\/stexenceshopelm02.local\/?page_id=1818"},"modified":"2022-11-27T17:10:50","modified_gmt":"2022-11-27T15:10:50","slug":"politique-de-cookies","status":"publish","type":"page","link":"https:\/\/shoponline.texence.com\/fr\/politique-de-cookies\/","title":{"rendered":"Politique de cookies"},"content":{"rendered":"\t\t<div data-elementor-type=\"wp-page\" data-elementor-id=\"1818\" class=\"elementor elementor-1818 elementor-1179\" data-elementor-post-type=\"page\">\n\t\t\t\t\t\t<section class=\"elementor-section elementor-top-section elementor-element elementor-element-5a556fa elementor-section-boxed elementor-section-height-default elementor-section-height-default\" data-id=\"5a556fa\" data-element_type=\"section\">\n\t\t\t\t\t\t<div class=\"elementor-container elementor-column-gap-default\">\n\t\t\t\t\t<div class=\"elementor-column elementor-col-100 elementor-top-column elementor-element elementor-element-e1bfd66\" data-id=\"e1bfd66\" data-element_type=\"column\">\n\t\t\t<div class=\"elementor-widget-wrap elementor-element-populated\">\n\t\t\t\t\t\t<div class=\"elementor-element elementor-element-3360aa8 elementor-widget elementor-widget-heading\" data-id=\"3360aa8\" data-element_type=\"widget\" data-widget_type=\"heading.default\">\n\t\t\t\t<div class=\"elementor-widget-container\">\n\t\t\t<h2 class=\"elementor-heading-title elementor-size-default\">POLITIQUE DE COOKIES<\/h2>\t\t<\/div>\n\t\t\t\t<\/div>\n\t\t\t\t<div class=\"elementor-element elementor-element-bedaffe elementor-widget elementor-widget-text-editor\" data-id=\"bedaffe\" data-element_type=\"widget\" data-widget_type=\"text-editor.default\">\n\t\t\t\t<div class=\"elementor-widget-container\">\n\t\t\t\t\t\t\t<p>Un cookie est un fichier d&#8217;informations que le serveur de ce site Web envoie \u00e0 l&#8217;appareil (ordinateur, smartphone, tablette, etc.) de celui qui acc\u00e8de \u00e0 la page pour stocker et r\u00e9cup\u00e9rer des informations sur la navigation effectu\u00e9e \u00e0 partir dudit \u00e9quipement.<\/p><p>Texence utilise diff\u00e9rents types de cookies (techniques, analytiques) uniquement dans le but d&#8217;am\u00e9liorer la navigation de l&#8217;utilisateur sur le site Web, sans aucun type de publicit\u00e9 ou d&#8217;objet similaire. Texence, \u00e0 travers les cookies, ne collecte aucune donn\u00e9e personnelle.<\/p><p>Texence utilise les cookies suivants sur ce site:<\/p>\t\t\t\t\t\t<\/div>\n\t\t\t\t<\/div>\n\t\t\t\t\t<\/div>\n\t\t<\/div>\n\t\t\t\t\t<\/div>\n\t\t<\/section>\n\t\t\t\t<section class=\"elementor-section elementor-top-section elementor-element elementor-element-21fd1d4 elementor-section-boxed elementor-section-height-default elementor-section-height-default\" data-id=\"21fd1d4\" data-element_type=\"section\">\n\t\t\t\t\t\t<div class=\"elementor-container elementor-column-gap-default\">\n\t\t\t\t\t<div class=\"elementor-column elementor-col-100 elementor-top-column elementor-element elementor-element-6aaf0d0\" data-id=\"6aaf0d0\" data-element_type=\"column\">\n\t\t\t<div class=\"elementor-widget-wrap elementor-element-populated\">\n\t\t\t\t\t\t<div class=\"elementor-element elementor-element-ed595b0 elementor-widget elementor-widget-text-editor\" data-id=\"ed595b0\" data-element_type=\"widget\" data-widget_type=\"text-editor.default\">\n\t\t\t\t<div class=\"elementor-widget-container\">\n\t\t\t\t\t\t\t<table border=\"1\">\n<tbody>\n<tr>\n<td style=\"background-color: #f8f8f8;\" colspan=\"4\"><strong>COOKIES REQUIS (TECHNIQUES)<\/strong><strong>\n<\/strong><\/td>\n<\/tr>\n<tr>\n<td><strong>DOMAIN<\/strong><\/td>\n<td><strong>NOM<\/strong><\/td>\n<td><strong>OBJECTIF<\/strong><\/td>\n<td><strong>DUR\u00c9E<\/strong><\/td>\n<\/tr>\n<tr>\n<td>texence.com<\/td>\n<td>moove_gdpr_popup<\/td>\n<td>Ce cookie est utilis\u00e9 pour m\u00e9moriser si l&#8217;utilisateur a consenti ou non \u00e0 l&#8217;utilisation de cookies. Il ne stocke aucune donn\u00e9e personnelle.<\/td>\n<td>180 jours<\/td>\n<\/tr>\n<tr>\n<td>texence.com<\/td>\n<td>wordpress_logged_in<\/td>\n<td>Cookie WordPress pour g\u00e9rer les donn\u00e9es de session des utilisateurs qui se sont connect\u00e9s au Web. Il ne stocke aucune donn\u00e9e personnelle.<\/td>\n<td>Session<\/td>\n<\/tr>\n<tr>\n<td>texence.com<\/td>\n<td>wp_woocommerce_session<\/td>\n<td>Cookie WooCommerce qui contient un code unique pour chaque client afin qu&#8217;il sache o\u00f9 trouver les donn\u00e9es du panier dans la base de donn\u00e9es de chaque client. Il ne stocke aucune donn\u00e9e personnelle.<\/td>\n<td>2 jours<\/td>\n<\/tr>\n<tr>\n<td>texence.com<\/td>\n<td>woocommerce_cart_hash<\/td>\n<td>Ce cookie aide WooCommerce \u00e0 d\u00e9terminer quand les donn\u00e9es ou le contenu du panier changent.<\/td>\n<td>Session<\/td>\n<\/tr>\n<tr>\n<td>texence.com<\/td>\n<td>woocommerce_items_in_cart<\/td>\n<td>Ce cookie aide WooCommerce \u00e0 d\u00e9terminer quand les donn\u00e9es ou le contenu du panier changent.<\/td>\n<td>Session<\/td>\n<\/tr>\n<tr>\n<td>texence.com<\/td>\n<td>wp-wpml_current_language<\/td>\n<td>Cookie technique qui enregistre la langue choisie dans la navigation.<\/td>\n<td>1 jour<\/td>\n<\/tr>\n<\/tbody>\n<\/table>\t\t\t\t\t\t<\/div>\n\t\t\t\t<\/div>\n\t\t\t\t\t<\/div>\n\t\t<\/div>\n\t\t\t\t\t<\/div>\n\t\t<\/section>\n\t\t\t\t<section class=\"elementor-section elementor-top-section elementor-element elementor-element-f630787 elementor-section-boxed elementor-section-height-default elementor-section-height-default\" data-id=\"f630787\" data-element_type=\"section\">\n\t\t\t\t\t\t<div class=\"elementor-container elementor-column-gap-default\">\n\t\t\t\t\t<div class=\"elementor-column elementor-col-100 elementor-top-column elementor-element elementor-element-b166d3c\" data-id=\"b166d3c\" data-element_type=\"column\">\n\t\t\t<div class=\"elementor-widget-wrap elementor-element-populated\">\n\t\t\t\t\t\t<div class=\"elementor-element elementor-element-007d969 elementor-widget elementor-widget-text-editor\" data-id=\"007d969\" data-element_type=\"widget\" data-widget_type=\"text-editor.default\">\n\t\t\t\t<div class=\"elementor-widget-container\">\n\t\t\t\t\t\t\t<table border=\"1\">\n<tbody>\n<tr>\n<td style=\"background-color: #f8f8f8;\" colspan=\"4\"><strong>COOKIES ANALYTIQUES<\/strong><strong>\n<\/strong><\/td>\n<\/tr>\n<tr>\n<td><strong>DOMAIN<\/strong><\/td>\n<td><strong>NOM<\/strong><\/td>\n<td><strong>OBJECTIF<\/strong><\/td>\n<td><strong>DUR\u00c9E<\/strong><\/td>\n<\/tr>\n<tr>\n<td>.texence.com<\/td>\n<td>_ga<\/td>\n<td>Cookie g\u00e9r\u00e9 par Google Analytics, il sert \u00e0 calculer les donn\u00e9es des visiteurs, les sessions, les campagnes et \u00e0 suivre l&#8217;utilisation du site pour le rapport d&#8217;analyse du site. Les cookies stockent des informations de mani\u00e8re anonyme et attribuent un nombre g\u00e9n\u00e9r\u00e9 al\u00e9atoirement pour identifier les visiteurs uniques.<\/td>\n<td>24 mois<\/td>\n<\/tr>\n<tr>\n<td>.texence.com<\/td>\n<td>_gid<\/td>\n<td>Cookie g\u00e9r\u00e9 par Google Analytics, il est utilis\u00e9 pour stocker des informations sur la fa\u00e7on dont les visiteurs utilisent un site Web et permet de cr\u00e9er un rapport analytique sur le fonctionnement du site Web. Les donn\u00e9es collect\u00e9es, y compris le nombre de visiteurs, leur source et les pages, sont affich\u00e9es de mani\u00e8re anonyme.<\/td>\n<td>1 jour<\/td>\n<\/tr>\n<tr>\n<td>.texence.com<\/td>\n<td>_gat_gtag_UA_<\/td>\n<td>Cookie g\u00e9r\u00e9 par Google Analytics, il sert \u00e0 limiter la quantit\u00e9 de donn\u00e9es enregistr\u00e9es par Google sur les sites internet \u00e0 fort volume.<\/td>\n<td>1 minute<\/td>\n<\/tr>\n<\/tbody>\n<\/table>\t\t\t\t\t\t<\/div>\n\t\t\t\t<\/div>\n\t\t\t\t\t<\/div>\n\t\t<\/div>\n\t\t\t\t\t<\/div>\n\t\t<\/section>\n\t\t\t\t<section class=\"elementor-section elementor-top-section elementor-element elementor-element-4aff530 elementor-section-boxed elementor-section-height-default elementor-section-height-default\" data-id=\"4aff530\" data-element_type=\"section\">\n\t\t\t\t\t\t<div class=\"elementor-container elementor-column-gap-default\">\n\t\t\t\t\t<div class=\"elementor-column elementor-col-100 elementor-top-column elementor-element elementor-element-f3b5ad4\" data-id=\"f3b5ad4\" data-element_type=\"column\">\n\t\t\t<div class=\"elementor-widget-wrap elementor-element-populated\">\n\t\t\t\t\t\t<div class=\"elementor-element elementor-element-2c4f4e4 elementor-widget elementor-widget-text-editor\" data-id=\"2c4f4e4\" data-element_type=\"widget\" data-widget_type=\"text-editor.default\">\n\t\t\t\t<div class=\"elementor-widget-container\">\n\t\t\t\t\t\t\t<table border=\"1\">\n<tbody>\n<tr>\n<td style=\"background-color: #f8f8f8;\" colspan=\"4\"><strong>COOKIES PUBLICITAIRES<\/strong><strong>\n<\/strong><\/td>\n<\/tr>\n<tr>\n<td><strong>DOMAIN<\/strong><\/td>\n<td><strong>NOM<\/strong><\/td>\n<td><strong>OBJECTIF<\/strong><\/td>\n<td><strong>DUR\u00c9E<\/strong><\/td>\n<\/tr>\n<tr>\n<td>.texence.com<\/td>\n<td>_gcl_au<\/td>\n<td>Utilis\u00e9 par Google AdSense pour exp\u00e9rimenter l&#8217;efficacit\u00e9 publicitaire sur les sites Web qui utilisent ses services. Il s&#8217;agit du cookie de premi\u00e8re partie pour la fonctionnalit\u00e9 &#8220;Conversion Linker&#8221;, il prend des informations sur les clics publicitaires et les stocke dans un cookie de premi\u00e8re partie pour suivre les conversions.<\/td>\n<td>3 mois<\/td>\n<\/tr>\n<\/tbody>\n<\/table>\t\t\t\t\t\t<\/div>\n\t\t\t\t<\/div>\n\t\t\t\t\t<\/div>\n\t\t<\/div>\n\t\t\t\t\t<\/div>\n\t\t<\/section>\n\t\t\t\t<section class=\"elementor-section elementor-top-section elementor-element elementor-element-4c0e00b elementor-section-boxed elementor-section-height-default elementor-section-height-default\" data-id=\"4c0e00b\" data-element_type=\"section\">\n\t\t\t\t\t\t<div class=\"elementor-container elementor-column-gap-default\">\n\t\t\t\t\t<div class=\"elementor-column elementor-col-100 elementor-top-column elementor-element elementor-element-951e9f4\" data-id=\"951e9f4\" data-element_type=\"column\">\n\t\t\t<div class=\"elementor-widget-wrap elementor-element-populated\">\n\t\t\t\t\t\t<div class=\"elementor-element elementor-element-a9ec472 elementor-widget elementor-widget-heading\" data-id=\"a9ec472\" data-element_type=\"widget\" data-widget_type=\"heading.default\">\n\t\t\t\t<div class=\"elementor-widget-container\">\n\t\t\t<h2 class=\"elementor-heading-title elementor-size-default\">MOYENS DE BLOQUER ET DE LIMITER L'UTILISATION DES COOKIES.<\/h2>\t\t<\/div>\n\t\t\t\t<\/div>\n\t\t\t\t<div class=\"elementor-element elementor-element-af7ce59 elementor-widget elementor-widget-text-editor\" data-id=\"af7ce59\" data-element_type=\"widget\" data-widget_type=\"text-editor.default\">\n\t\t\t\t<div class=\"elementor-widget-container\">\n\t\t\t\t\t\t\t<p>Il est important de noter que ces technologies ne sont pas intrusives, car toutes les informations obtenues gr\u00e2ce aux cookies sont totalement anonymes et ne peuvent en aucun cas \u00eatre associ\u00e9es \u00e0 un utilisateur sp\u00e9cifique et identifi\u00e9. Ces informations permettent \u00e0 MANZO BA\u00d1OS S.L. d&#8217;adapter et d&#8217;am\u00e9liorer ses services aux int\u00e9r\u00eats des utilisateurs. Toutefois, l&#8217;utilisateur a la possibilit\u00e9 d&#8217;emp\u00eacher la g\u00e9n\u00e9ration de cookies en s\u00e9lectionnant l&#8217;option correspondante dans son programme de navigation. MANZO BA\u00d1OS S.L. informe qu&#8217;en cas de d\u00e9sactivation de l&#8217;utilisation des cookies, la navigation pourra \u00eatre plus lente que d&#8217;habitude.<\/p><p>Concr\u00e8tement, tous les navigateurs vous permettent d&#8217;apporter des modifications vous permettant de d\u00e9sactiver la configuration des cookies. Ces param\u00e8tres se trouvent dans le menu &#8220;options&#8221; ou &#8220;pr\u00e9f\u00e9rences&#8221; de votre navigateur.<\/p><p>Ci-dessous, nous vous montrons \u00e0 travers des liens comment d\u00e9sactiver les cookies en suivant les instructions des navigateurs les plus utilis\u00e9s:<\/p><ul><li><a href=\"http:\/\/windows.microsoft.com\/es-es\/windows-vista\/block-or-allow-cookies\" target=\"_blank\" rel=\"noopener noreferrer\">Internet Explorer<\/a><\/li><li><a href=\"http:\/\/support.mozilla.org\/en-us\/kb\/cookies-information-websites-store-on-your-computer?redirectlocale=en-us&amp;redirectslug=cookies\" target=\"_blank\" rel=\"noopener noreferrer\">Mozilla Firefox<\/a><\/li><li><a href=\"https:\/\/support.google.com\/chrome\/answer\/95647?hl=es\" target=\"_blank\" rel=\"noopener noreferrer\">Google Chrome<\/a><\/li><li><a href=\"https:\/\/support.apple.com\/kb\/ph21411?viewlocale=es_es&amp;locale=es_es\" target=\"_blank\" rel=\"noopener noreferrer\">Safari<\/a><\/li><li><a href=\"http:\/\/support.apple.com\/kb\/ht1677?viewlocale=es_es\" target=\"_blank\" rel=\"noopener noreferrer\">Safari para IOS (iPhone y iPad)<\/a><\/li><\/ul><p>En revanche, si vous souhaitez bloquer les cookies analytiques de Google, un plugin peut \u00eatre install\u00e9 dans votre navigateur d\u00e9velopp\u00e9 en suivant les instructions indiqu\u00e9es dans le <a href=\"https:\/\/tools.google.com\/dlpage\/gaoptout\" target=\"_blank\" rel=\"noopener\">lien suivant<\/a>.<\/p>\t\t\t\t\t\t<\/div>\n\t\t\t\t<\/div>\n\t\t\t\t\t<\/div>\n\t\t<\/div>\n\t\t\t\t\t<\/div>\n\t\t<\/section>\n\t\t\t\t<\/div>\n\t\t","protected":false},"excerpt":{"rendered":"<p>POLITIQUE DE COOKIES Un cookie est un fichier d&#8217;informations que le serveur de ce site Web envoie \u00e0 l&#8217;appareil (ordinateur, smartphone, tablette, etc.) de celui qui acc\u00e8de \u00e0 la page pour stocker et r\u00e9cup\u00e9rer des informations sur la navigation effectu\u00e9e \u00e0 partir dudit \u00e9quipement. Texence utilise diff\u00e9rents types de cookies (techniques, analytiques) uniquement dans le&hellip;<\/p>\n","protected":false},"author":4,"featured_media":0,"parent":0,"menu_order":0,"comment_status":"closed","ping_status":"closed","template":"","meta":{"footnotes":""},"class_list":["post-1818","page","type-page","status-publish","hentry"],"_links":{"self":[{"href":"https:\/\/shoponline.texence.com\/fr\/wp-json\/wp\/v2\/pages\/1818"}],"collection":[{"href":"https:\/\/shoponline.texence.com\/fr\/wp-json\/wp\/v2\/pages"}],"about":[{"href":"https:\/\/shoponline.texence.com\/fr\/wp-json\/wp\/v2\/types\/page"}],"author":[{"embeddable":true,"href":"https:\/\/shoponline.texence.com\/fr\/wp-json\/wp\/v2\/users\/4"}],"replies":[{"embeddable":true,"href":"https:\/\/shoponline.texence.com\/fr\/wp-json\/wp\/v2\/comments?post=1818"}],"version-history":[{"count":6,"href":"https:\/\/shoponline.texence.com\/fr\/wp-json\/wp\/v2\/pages\/1818\/revisions"}],"predecessor-version":[{"id":2917,"href":"https:\/\/shoponline.texence.com\/fr\/wp-json\/wp\/v2\/pages\/1818\/revisions\/2917"}],"wp:attachment":[{"href":"https:\/\/shoponline.texence.com\/fr\/wp-json\/wp\/v2\/media?parent=1818"}],"curies":[{"name":"wp","href":"https:\/\/api.w.org\/{rel}","templated":true}]}}