{"id":1822,"date":"2021-06-08T07:49:53","date_gmt":"2021-06-08T05:49:53","guid":{"rendered":"https:\/\/stexenceshopelm02.local\/?page_id=1822"},"modified":"2021-09-08T16:14:37","modified_gmt":"2021-09-08T14:14:37","slug":"politique-de-confidentialite","status":"publish","type":"page","link":"https:\/\/shoponline.texence.com\/fr\/politique-de-confidentialite\/","title":{"rendered":"Politique de confidentialit\u00e9"},"content":{"rendered":"\t\t<div data-elementor-type=\"wp-page\" data-elementor-id=\"1822\" class=\"elementor elementor-1822 elementor-1173\" data-elementor-post-type=\"page\">\n\t\t\t\t\t\t<section class=\"elementor-section elementor-top-section elementor-element elementor-element-a91e385 elementor-section-boxed elementor-section-height-default elementor-section-height-default\" data-id=\"a91e385\" data-element_type=\"section\">\n\t\t\t\t\t\t<div class=\"elementor-container elementor-column-gap-default\">\n\t\t\t\t\t<div class=\"elementor-column elementor-col-100 elementor-top-column elementor-element elementor-element-d116699\" data-id=\"d116699\" data-element_type=\"column\">\n\t\t\t<div class=\"elementor-widget-wrap elementor-element-populated\">\n\t\t\t\t\t\t<div class=\"elementor-element elementor-element-15baa29 elementor-widget elementor-widget-text-editor\" data-id=\"15baa29\" data-element_type=\"widget\" data-widget_type=\"text-editor.default\">\n\t\t\t\t<div class=\"elementor-widget-container\">\n\t\t\t\t\t\t\t<h2>POLITIQUE DE CONFIDENTIALIT\u00c9<\/h2><p>Conform\u00e9ment aux dispositions de la loi organique 15\/1999, nous vous informons que les donn\u00e9es obtenues dans ce formulaire seront incorpor\u00e9es \u00e0 un fichier automatis\u00e9 sous la responsabilit\u00e9 de MANZO BA\u00d1OS S.L. afin de r\u00e9pondre \u00e0 vos demandes et de vous envoyer des informations connexes susceptibles de vous int\u00e9resser. Vous pouvez exercer vos droits d&#8217;acc\u00e8s, de rectification, d&#8217;annulation et d&#8217;opposition en \u00e9crivant \u00e0 notre adresse C\/ Cam\u00ed de Codonyers 3, Pol\u00edgono Industrial de Massanassa, 46470 Massanassa, Valencia, Espagne.<\/p><p>Tant que vous ne nous informez pas du contraire, nous consid\u00e9rerons que vos donn\u00e9es n&#8217;ont pas \u00e9t\u00e9 modifi\u00e9es, que vous vous engagez \u00e0 nous informer de toute modification et que nous avons votre consentement pour les utiliser aux fins susmentionn\u00e9es.<\/p><p>L&#8217;envoi de ces donn\u00e9es implique l&#8217;acceptation de cette clause.<\/p>\t\t\t\t\t\t<\/div>\n\t\t\t\t<\/div>\n\t\t\t\t<div class=\"elementor-element elementor-element-4e0ac2b elementor-widget elementor-widget-text-editor\" data-id=\"4e0ac2b\" data-element_type=\"widget\" data-widget_type=\"text-editor.default\">\n\t\t\t\t<div class=\"elementor-widget-container\">\n\t\t\t\t\t\t\t<h3>Clause informative LOPD et LSSI-CE<\/h3><p>Conform\u00e9ment aux dispositions de la loi organique 15\/1999, du 13 d\u00e9cembre, sur la protection des donn\u00e9es \u00e0 caract\u00e8re personnel, nous vous informons que vos donn\u00e9es seront incorpor\u00e9es \u00e0 un fichier sous la responsabilit\u00e9 de MANZO BA\u00d1OS S.L. afin de respecter les engagements d\u00e9coulant de la relation que nous entretenons avec vous.<\/p><p>Vous pouvez exercer vos droits d&#8217;acc\u00e8s, de rectification, d&#8217;annulation et d&#8217;opposition en \u00e9crivant \u00e0 notre adresse : C\/ Cam\u00ed de Codonyers 3, Pol\u00edgono Industrial de Massanassa, 46470 Massanassa, Valencia, Espagne.<\/p><p>Tant que vous ne nous informez pas du contraire, nous consid\u00e9rerons que vos donn\u00e9es n&#8217;ont pas \u00e9t\u00e9 modifi\u00e9es, que vous acceptez de nous informer de toute modification et que nous avons votre consentement pour les traiter.<\/p><p>De m\u00eame, et conform\u00e9ment aux dispositions de la loi 34\/2002, du 11 juillet, sur les services de la soci\u00e9t\u00e9 de l&#8217;information et le commerce \u00e9lectronique, dans son article 21, nous sollicitons \u00e9galement votre consentement expr\u00e8s pour vous envoyer de la publicit\u00e9 sur nos produits ou des promotions que nous estimons pouvoir vous int\u00e9resser, par courrier \u00e9lectronique ou par tout autre moyen de communication \u00e9lectronique \u00e9quivalent.<\/p><p>Nous vous informons que vous pouvez r\u00e9voquer \u00e0 tout moment votre consentement \u00e0 recevoir des communications commerciales en envoyant un courrier \u00e9lectronique \u00e0 l&#8217;adresse suivante: <a href=\"mailto:texence@texence.com\">texence@texence.com<\/a>.<\/p>\t\t\t\t\t\t<\/div>\n\t\t\t\t<\/div>\n\t\t\t\t\t<\/div>\n\t\t<\/div>\n\t\t\t\t\t<\/div>\n\t\t<\/section>\n\t\t\t\t<\/div>\n\t\t","protected":false},"excerpt":{"rendered":"<p>POLITIQUE DE CONFIDENTIALIT\u00c9 Conform\u00e9ment aux dispositions de la loi organique 15\/1999, nous vous informons que les donn\u00e9es obtenues dans ce formulaire seront incorpor\u00e9es \u00e0 un fichier automatis\u00e9 sous la responsabilit\u00e9 de MANZO BA\u00d1OS S.L. afin de r\u00e9pondre \u00e0 vos demandes et de vous envoyer des informations connexes susceptibles de vous int\u00e9resser. Vous pouvez exercer vos&hellip;<\/p>\n","protected":false},"author":4,"featured_media":0,"parent":0,"menu_order":0,"comment_status":"closed","ping_status":"closed","template":"","meta":{"footnotes":""},"class_list":["post-1822","page","type-page","status-publish","hentry"],"_links":{"self":[{"href":"https:\/\/shoponline.texence.com\/fr\/wp-json\/wp\/v2\/pages\/1822"}],"collection":[{"href":"https:\/\/shoponline.texence.com\/fr\/wp-json\/wp\/v2\/pages"}],"about":[{"href":"https:\/\/shoponline.texence.com\/fr\/wp-json\/wp\/v2\/types\/page"}],"author":[{"embeddable":true,"href":"https:\/\/shoponline.texence.com\/fr\/wp-json\/wp\/v2\/users\/4"}],"replies":[{"embeddable":true,"href":"https:\/\/shoponline.texence.com\/fr\/wp-json\/wp\/v2\/comments?post=1822"}],"version-history":[{"count":0,"href":"https:\/\/shoponline.texence.com\/fr\/wp-json\/wp\/v2\/pages\/1822\/revisions"}],"wp:attachment":[{"href":"https:\/\/shoponline.texence.com\/fr\/wp-json\/wp\/v2\/media?parent=1822"}],"curies":[{"name":"wp","href":"https:\/\/api.w.org\/{rel}","templated":true}]}}