{"id":1852,"date":"2021-06-15T07:13:23","date_gmt":"2021-06-15T05:13:23","guid":{"rendered":"https:\/\/stexenceshopelm02.local\/?page_id=1852"},"modified":"2021-09-08T16:11:43","modified_gmt":"2021-09-08T14:11:43","slug":"avis-juridique","status":"publish","type":"page","link":"https:\/\/shoponline.texence.com\/fr\/avis-juridique\/","title":{"rendered":"Avis juridique"},"content":{"rendered":"\t\t<div data-elementor-type=\"wp-page\" data-elementor-id=\"1852\" class=\"elementor elementor-1852 elementor-1847\" data-elementor-post-type=\"page\">\n\t\t\t\t\t\t<section class=\"elementor-section elementor-top-section elementor-element elementor-element-54ab7ec elementor-section-boxed elementor-section-height-default elementor-section-height-default\" data-id=\"54ab7ec\" data-element_type=\"section\">\n\t\t\t\t\t\t<div class=\"elementor-container elementor-column-gap-default\">\n\t\t\t\t\t<div class=\"elementor-column elementor-col-100 elementor-top-column elementor-element elementor-element-4e0790d\" data-id=\"4e0790d\" data-element_type=\"column\">\n\t\t\t<div class=\"elementor-widget-wrap elementor-element-populated\">\n\t\t\t\t\t\t<div class=\"elementor-element elementor-element-1c4fbcf elementor-widget elementor-widget-text-editor\" data-id=\"1c4fbcf\" data-element_type=\"widget\" data-widget_type=\"text-editor.default\">\n\t\t\t\t<div class=\"elementor-widget-container\">\n\t\t\t\t\t\t\t<h2>POLITIQUE EN MATI\u00c8RE DE COOKIES<\/h2><p>Conform\u00e9ment aux dispositions de l&#8217;article 22.2 de la loi espagnole 34\/2002, du 11 juillet, portant sur les services de la soci\u00e9t\u00e9 de l&#8217;information et du commerce \u00e9lectronique (LSSI-CE), MANZO BA\u00d1OS S.L. tient \u00e0 vous informer que ce site web utilise ses propres cookies et ceux de tiers pour collecter des informations afin d&#8217;am\u00e9liorer nos services.<\/p><p>Les services fournies par des tiers correspondent \u00e0 Google Analytics, au r\u00e9seau social Twitter, Facebook et Linkedin, qui utilisent des cookies qui sont stock\u00e9s au moment o\u00f9 le visiteur entre sur le site Web, pour r\u00e9aliser des statistiques sur les visites et la dur\u00e9e des visites, et les communiquer aux r\u00e9seaux sociaux expos\u00e9s, dans un but de promotion et de communication. Ces cookies sont enti\u00e8rement g\u00e9r\u00e9s par Google et par les r\u00e9seaux sociaux mentionn\u00e9s ci-dessus.<\/p><p>Si vous poursuivez votre navigation, vous acceptez l&#8217;installation de ces cookies.<\/p><p>L&#8217;utilisateur a la possibilit\u00e9 de configurer son navigateur et peut, s&#8217;il le souhaite, emp\u00eacher leur installation sur son disque dur. Il convient toutefois de noter qu&#8217;une telle action peut entra\u00eener des difficult\u00e9s de navigation sur le site web.<\/p><p>Nous fournissons ci-dessous des liens vers diff\u00e9rents navigateurs, gr\u00e2ce auxquels vous pouvez effectuer cette configuration :<\/p><ul><li><a href=\"https:\/\/support.microsoft.com\/es-es\/help\/17442\/windows-internet-explorer-delete-manage-cookies\" target=\"_blank\" rel=\"noopener\">Internet Explorer<\/a><\/li><li><a href=\"https:\/\/support.mozilla.org\/en-US\/kb\/cookies-information-websites-store-on-your-computer?redirectlocale=en-us&amp;redirectslug=cookies\" target=\"_blank\" rel=\"noopener\">Mozilla Firefox<\/a><\/li><li><a href=\"https:\/\/support.google.com\/chrome\/answer\/95647?hl=es\" target=\"_blank\" rel=\"noopener\">Google Chrome<\/a><\/li><li><a href=\"https:\/\/support.apple.com\/es-es\/guide\/safari\/sfri11471\/mac\" target=\"_blank\" rel=\"noopener\">Safari<\/a><\/li><li><a href=\"https:\/\/support.apple.com\/es-es\/HT201265\" target=\"_blank\" rel=\"noopener\">Safari para IOS (iPhone y iPad)<\/a><\/li><\/ul>\t\t\t\t\t\t<\/div>\n\t\t\t\t<\/div>\n\t\t\t\t<div class=\"elementor-element elementor-element-becd52a elementor-widget elementor-widget-text-editor\" data-id=\"becd52a\" data-element_type=\"widget\" data-widget_type=\"text-editor.default\">\n\t\t\t\t<div class=\"elementor-widget-container\">\n\t\t\t\t\t\t\t<h2>CONDITIONS D&#8217;UTILISATION<\/h2><p>Conform\u00e9ment \u00e0 la loi espagnole 34\/2002, du 11 juillet, portant sur les services de la soci\u00e9t\u00e9 de l&#8217;information et le commerce \u00e9lectronique (LSSI-CE), MANZO BA\u00d1OS S.L. vous informe qu&#8217;elle est propri\u00e9taire du site Web www.texence.com. Conform\u00e9ment \u00e0 l&#8217;exigence de l&#8217;article 10 de la loi susmentionn\u00e9e, MANZO BA\u00d1OS S.L. vous communique les donn\u00e9es suivantes :<\/p><p>Le propri\u00e9taire de ce site web est MANZO BA\u00d1OS S.L., titulaire du CIF B98798499 et du si\u00e8ge social \u00e0 C\/ Cam\u00ed de Codonyers 3, Pol\u00edgono Industrial de Massanassa, 46470 Massanassa, Valencia, Espagne. L&#8217;adresse \u00e9lectronique pour contacter la soci\u00e9t\u00e9 est la suivante : <a href=\"mailto:texence@texence.com\">texence@texence.com<\/a>.<\/p>\t\t\t\t\t\t<\/div>\n\t\t\t\t<\/div>\n\t\t\t\t<div class=\"elementor-element elementor-element-9d89d45 elementor-widget elementor-widget-text-editor\" data-id=\"9d89d45\" data-element_type=\"widget\" data-widget_type=\"text-editor.default\">\n\t\t\t\t<div class=\"elementor-widget-container\">\n\t\t\t\t\t\t\t<h2>L&#8217;UTILISATEUR ET RESPONSABILIT\u00c9S<\/h2><p>La navigation, l&#8217;acc\u00e8s et l&#8217;utilisation du site web de MANZO BA\u00d1OS S.L. conf\u00e8re la condition d&#8217;utilisateur, par laquelle il accepte, \u00e0 partir de la navigation \u00e0 travers le site web de MANZO BA\u00d1OS S.L., toutes les conditions d&#8217;utilisation \u00e9tablies ici, sans pr\u00e9judice de l&#8217;application des r\u00e8glements correspondants d&#8217;application l\u00e9gale obligatoire selon le cas.<\/p><p>Le site web de MANZO BA\u00d1OS S.L. offre une grande diversit\u00e9 d&#8217;informations, de services et de donn\u00e9es. L&#8217;utilisateur assume la responsabilit\u00e9 de l&#8217;utilisation correcte du site web. Cette responsabilit\u00e9 s&#8217;\u00e9tendra \u00e0 :<\/p><p>La v\u00e9racit\u00e9 et la l\u00e9galit\u00e9 des informations fournies par l&#8217;utilisateur dans les formulaires \u00e9tendus par MANZO BA\u00d1OS S.L. pour acc\u00e9der \u00e0 certains contenus ou services offerts par le site web.<\/p><p>L&#8217;utilisation des informations, services et donn\u00e9es propos\u00e9s par MANZO BA\u00d1OS S.L. contraire aux dispositions des pr\u00e9sentes conditions, \u00e0 la loi, \u00e0 la morale, aux bonnes coutumes ou \u00e0 l&#8217;ordre public, ou qui, de toute autre mani\u00e8re, peut entra\u00eener des dommages aux droits de tiers ou au fonctionnement du site web.<\/p>\t\t\t\t\t\t<\/div>\n\t\t\t\t<\/div>\n\t\t\t\t<div class=\"elementor-element elementor-element-113b927 elementor-widget elementor-widget-text-editor\" data-id=\"113b927\" data-element_type=\"widget\" data-widget_type=\"text-editor.default\">\n\t\t\t\t<div class=\"elementor-widget-container\">\n\t\t\t\t\t\t\t<h2>POLITIQUE EN MATI\u00c8RE DE LIENS ET EXCLUSIONS DE RESPONSABILIT\u00c9<\/h2><p>MANZO BA\u00d1OS S.L. n&#8217;est pas responsable du contenu des sites web auxquels l&#8217;utilisateur peut acc\u00e9der par le biais des liens \u00e9tablis sur son site web et d\u00e9clare qu&#8217;en aucun cas elle n&#8217;examinera ni n&#8217;exercera un quelconque type de contr\u00f4le sur le contenu des autres sites web. De m\u00eame, elle ne garantit pas la disponibilit\u00e9 technique, l&#8217;exactitude, la v\u00e9racit\u00e9, la validit\u00e9 ou la l\u00e9galit\u00e9 des sites ext\u00e9rieurs \u00e0 sa propri\u00e9t\u00e9 auxquels on peut acc\u00e9der par les liens.<\/p><p>MANZO BA\u00d1OS S.L. d\u00e9clare avoir adopt\u00e9 toutes les mesures n\u00e9cessaires pour \u00e9viter tout dommage aux utilisateurs de son site web, qui pourrait \u00eatre d\u00e9riv\u00e9 de la navigation sur son site web. Par cons\u00e9quent, MANZO BA\u00d1OS S.L. n&#8217;est en aucun cas responsable des \u00e9ventuels dommages que l&#8217;utilisateur pourrait subir en naviguant sur Internet.<\/p>\t\t\t\t\t\t<\/div>\n\t\t\t\t<\/div>\n\t\t\t\t<div class=\"elementor-element elementor-element-61586e0 elementor-widget elementor-widget-text-editor\" data-id=\"61586e0\" data-element_type=\"widget\" data-widget_type=\"text-editor.default\">\n\t\t\t\t<div class=\"elementor-widget-container\">\n\t\t\t\t\t\t\t<h2>MODIFICATIONS<\/h2><p>MANZO BA\u00d1OS S.L. se r\u00e9serve le droit d&#8217;apporter les modifications qu&#8217;elle juge appropri\u00e9es, sans pr\u00e9avis, au contenu de son site web. Tant en ce qui concerne le contenu du site web, que dans les conditions d&#8217;utilisation de celui-ci. Ces modifications pourront \u00eatre effectu\u00e9es \u00e0 travers son site web par tout moyen admissible par la loi et seront contraignantes pendant la dur\u00e9e de leur publication sur le site web et jusqu&#8217;\u00e0 ce qu&#8217;elles ne soient pas valablement modifi\u00e9es par des modifications ult\u00e9rieures.<\/p>\t\t\t\t\t\t<\/div>\n\t\t\t\t<\/div>\n\t\t\t\t<div class=\"elementor-element elementor-element-c2a4261 elementor-widget elementor-widget-text-editor\" data-id=\"c2a4261\" data-element_type=\"widget\" data-widget_type=\"text-editor.default\">\n\t\t\t\t<div class=\"elementor-widget-container\">\n\t\t\t\t\t\t\t<h2>PROTECTION DES DONN\u00c9ES<\/h2><p>Conform\u00e9ment aux dispositions de la loi organique 15\/1999 sur la protection des donn\u00e9es \u00e0 caract\u00e8re personnel (LOPD), MANZO BA\u00d1OS S.L. informe les utilisateurs de son site Web que les donn\u00e9es personnelles recueillies par la soci\u00e9t\u00e9, \u00e0 travers les formulaires situ\u00e9s sur ses pages, seront int\u00e9gr\u00e9es \u00e0 un fichier automatis\u00e9 sous la responsabilit\u00e9 de MANZO BA\u00d1OS S.L., afin de faciliter, d&#8217;acc\u00e9l\u00e9rer et de respecter les engagements \u00e9tablis entre les deux parties.<\/p><p>De m\u00eame, MANZO BA\u00d1OS S.L. vous informe de la possibilit\u00e9 d&#8217;exercer les droits d&#8217;acc\u00e8s, de rectification, d&#8217;annulation et d&#8217;opposition en vous adressant \u00e0: C\/ Cam\u00ed de Codonyers 3, Pol\u00edgono Industrial de Massanassa, 46470 Massanassa, Valencia, Espagne.<\/p><p>Tant que l&#8217;utilisateur ne communique pas le contraire \u00e0 MANZO BA\u00d1OS S.L., ce dernier comprendra que ses donn\u00e9es n&#8217;ont pas \u00e9t\u00e9 modifi\u00e9es, que l&#8217;utilisateur s&#8217;engage \u00e0 informer MANZO BA\u00d1OS S.L. de toute variation et que MANZO BA\u00d1OS S.L. a le consentement pour les utiliser afin de pouvoir maintenir la relation entre les parties.<\/p>\t\t\t\t\t\t<\/div>\n\t\t\t\t<\/div>\n\t\t\t\t<div class=\"elementor-element elementor-element-3a73d6f elementor-widget elementor-widget-text-editor\" data-id=\"3a73d6f\" data-element_type=\"widget\" data-widget_type=\"text-editor.default\">\n\t\t\t\t<div class=\"elementor-widget-container\">\n\t\t\t\t\t\t\t<h2>PROPRI\u00c9T\u00c9 INTELLECTUELLE ET INDUSTRIELLE<\/h2><p>MANZO BA\u00d1OS S.L., par elle-m\u00eame ou en tant que cessionnaire, est propri\u00e9taire de tous les droits de propri\u00e9t\u00e9 intellectuelle et industrielle de son site Web, ainsi que des \u00e9l\u00e9ments qu&#8217;il contient (y compris, mais sans s&#8217;y limiter, les images, le son, l&#8217;audio, la vid\u00e9o, les logiciels ou les textes ; les marques ou les logos, les combinaisons de couleurs, la structure et la conception, la s\u00e9lection des mat\u00e9riaux utilis\u00e9s, les programmes informatiques n\u00e9cessaires \u00e0 son fonctionnement, son acc\u00e8s et son utilisation, etc.), \u00e9tant propri\u00e9t\u00e9 de MANZO BA\u00d1OS S.L., et par cons\u00e9quent, les \u0153uvres sont prot\u00e9g\u00e9es comme propri\u00e9t\u00e9 intellectuelle par le syst\u00e8me juridique espagnol, \u00e9tant applicable tant la r\u00e9glementation espagnole que la r\u00e9glementation communautaire en la mati\u00e8re, et par cons\u00e9quent, des \u0153uvres prot\u00e9g\u00e9es comme propri\u00e9t\u00e9 intellectuelle par le syst\u00e8me juridique espagnol.<\/p><p>Tous droits r\u00e9serv\u00e9s. En vertu des dispositions des articles 8 et 32.1, deuxi\u00e8me alin\u00e9a, de la loi sur la propri\u00e9t\u00e9 intellectuelle, la reproduction, la distribution et la communication publique, y compris sa modalit\u00e9 de mise \u00e0 disposition, de tout ou partie du contenu de ce site Web, \u00e0 des fins commerciales, sur tout support et par tout moyen technique, sans l&#8217;autorisation de MANZO BA\u00d1OS S.L., sont express\u00e9ment interdites.<\/p><p>L&#8217;utilisateur s&#8217;engage \u00e0 respecter les droits de propri\u00e9t\u00e9 intellectuelle et industrielle d\u00e9tenus par MANZO BA\u00d1OS S.L. L&#8217;utilisateur peut visualiser les \u00e9l\u00e9ments du portail et m\u00eame les imprimer, les copier et les stocker sur le disque dur de son ordinateur ou sur tout autre support physique \u00e0 condition que ce soit uniquement et exclusivement pour son usage personnel et priv\u00e9. L&#8217;utilisateur doit s&#8217;abstenir d&#8217;effacer, d&#8217;alt\u00e9rer, d&#8217;\u00e9luder ou de manipuler tout dispositif de protection ou syst\u00e8me de s\u00e9curit\u00e9 install\u00e9 sur les pages de MANZO BA\u00d1OS S.L.<\/p>\t\t\t\t\t\t<\/div>\n\t\t\t\t<\/div>\n\t\t\t\t<div class=\"elementor-element elementor-element-e2c2eaf elementor-widget elementor-widget-text-editor\" data-id=\"e2c2eaf\" data-element_type=\"widget\" data-widget_type=\"text-editor.default\">\n\t\t\t\t<div class=\"elementor-widget-container\">\n\t\t\t\t\t\t\t<h2>ACTIONS EN JUSTICE, L\u00c9GISLATION APPLICABLE ET JURIDICTION<\/h2><p>MANZO BA\u00d1OS S.L. se r\u00e9serve \u00e9galement le droit d&#8217;intenter les actions civiles ou p\u00e9nales qu&#8217;elle juge appropri\u00e9es pour l&#8217;utilisation inappropri\u00e9e de son site web et de ses contenus, ou pour le non-respect des pr\u00e9sentes conditions.<\/p><p>La relation entre l&#8217;utilisateur et le fournisseur est r\u00e9gie par la r\u00e9glementation en vigueur et applicable sur le territoire espagnol. En cas de controverse, les parties peuvent soumettre leurs conflits \u00e0 l&#8217;arbitrage ou s&#8217;en remettre \u00e0 la juridiction ordinaire, conform\u00e9ment aux r\u00e8gles de comp\u00e9tence et de juridiction en la mati\u00e8re. MANZO BA\u00d1OS S.L. est domicili\u00e9e \u00e0 VALENCIA, en Espagne.<\/p>\t\t\t\t\t\t<\/div>\n\t\t\t\t<\/div>\n\t\t\t\t<div class=\"elementor-element elementor-element-6148518 elementor-widget elementor-widget-text-editor\" data-id=\"6148518\" data-element_type=\"widget\" data-widget_type=\"text-editor.default\">\n\t\t\t\t<div class=\"elementor-widget-container\">\n\t\t\t\t\t\t\t<h2>CLAUSES JURIDIQUES<\/h2><p><strong>Clause informative LOPD et LSSI-CE<\/strong><\/p><p>Conform\u00e9ment aux dispositions de la loi organique 15\/1999, du 13 d\u00e9cembre, sur la protection des donn\u00e9es \u00e0 caract\u00e8re personnel, nous vous informons que vos donn\u00e9es seront incorpor\u00e9es \u00e0 un fichier sous la responsabilit\u00e9 de MANZO BA\u00d1OS S.L. afin de respecter les engagements d\u00e9coulant de la relation que nous entretenons avec vous.<\/p><p>Vous pouvez exercer vos droits d&#8217;acc\u00e8s, de rectification, d&#8217;annulation et d&#8217;opposition en vous adressant \u00e0 notre adresse : C\/ Cam\u00ed de Codonyers 3, Pol\u00edgono Industrial de Massanassa, 46470 Massanassa, Valencia, Espagne.<\/p><p>Tant que vous ne nous informez pas du contraire, nous consid\u00e9rerons que vos donn\u00e9es n&#8217;ont pas \u00e9t\u00e9 modifi\u00e9es, que vous acceptez de nous informer de toute modification et que nous avons votre consentement pour les traiter.<\/p><p>De m\u00eame, et conform\u00e9ment aux dispositions de la loi 34\/2002, du 11 juillet, sur les services de la soci\u00e9t\u00e9 de l&#8217;information et le commerce \u00e9lectronique, dans son article 21, nous sollicitons \u00e9galement votre consentement expr\u00e8s pour vous envoyer de la publicit\u00e9 sur nos produits ou des promotions que nous estimons pouvoir vous int\u00e9resser, par courrier \u00e9lectronique ou par tout autre moyen de communication \u00e9lectronique \u00e9quivalent.<\/p><p>Nous vous informons que vous pouvez r\u00e9voquer \u00e0 tout moment votre consentement \u00e0 recevoir des communications commerciales en envoyant un courrier \u00e9lectronique \u00e0 l&#8217;adresse suivante : <a href=\"mailto:texence@texence.com\">texence@texence.com<\/a>.<\/p>\t\t\t\t\t\t<\/div>\n\t\t\t\t<\/div>\n\t\t\t\t\t<\/div>\n\t\t<\/div>\n\t\t\t\t\t<\/div>\n\t\t<\/section>\n\t\t\t\t<\/div>\n\t\t","protected":false},"excerpt":{"rendered":"<p>POLITIQUE EN MATI\u00c8RE DE COOKIES Conform\u00e9ment aux dispositions de l&#8217;article 22.2 de la loi espagnole 34\/2002, du 11 juillet, portant sur les services de la soci\u00e9t\u00e9 de l&#8217;information et du commerce \u00e9lectronique (LSSI-CE), MANZO BA\u00d1OS S.L. tient \u00e0 vous informer que ce site web utilise ses propres cookies et ceux de tiers pour collecter des&hellip;<\/p>\n","protected":false},"author":4,"featured_media":0,"parent":0,"menu_order":0,"comment_status":"closed","ping_status":"closed","template":"","meta":{"footnotes":""},"class_list":["post-1852","page","type-page","status-publish","hentry"],"_links":{"self":[{"href":"https:\/\/shoponline.texence.com\/fr\/wp-json\/wp\/v2\/pages\/1852"}],"collection":[{"href":"https:\/\/shoponline.texence.com\/fr\/wp-json\/wp\/v2\/pages"}],"about":[{"href":"https:\/\/shoponline.texence.com\/fr\/wp-json\/wp\/v2\/types\/page"}],"author":[{"embeddable":true,"href":"https:\/\/shoponline.texence.com\/fr\/wp-json\/wp\/v2\/users\/4"}],"replies":[{"embeddable":true,"href":"https:\/\/shoponline.texence.com\/fr\/wp-json\/wp\/v2\/comments?post=1852"}],"version-history":[{"count":0,"href":"https:\/\/shoponline.texence.com\/fr\/wp-json\/wp\/v2\/pages\/1852\/revisions"}],"wp:attachment":[{"href":"https:\/\/shoponline.texence.com\/fr\/wp-json\/wp\/v2\/media?parent=1852"}],"curies":[{"name":"wp","href":"https:\/\/api.w.org\/{rel}","templated":true}]}}