{"id":2970,"date":"2022-12-12T20:20:21","date_gmt":"2022-12-12T18:20:21","guid":{"rendered":"https:\/\/shoponline.texence.com\/?page_id=2970"},"modified":"2022-12-12T20:26:37","modified_gmt":"2022-12-12T18:26:37","slug":"accueil","status":"publish","type":"page","link":"https:\/\/shoponline.texence.com\/fr\/","title":{"rendered":"Accueil"},"content":{"rendered":"\t\t<div data-elementor-type=\"wp-page\" data-elementor-id=\"2970\" class=\"elementor elementor-2970 elementor-2959\" data-elementor-post-type=\"page\">\n\t\t\t\t\t\t<section class=\"elementor-section elementor-top-section elementor-element elementor-element-72207174 elementor-section-full_width elementor-section-stretched elementor-section-height-default elementor-section-height-default\" data-id=\"72207174\" data-element_type=\"section\" data-settings=\"{&quot;stretch_section&quot;:&quot;section-stretched&quot;,&quot;background_background&quot;:&quot;slideshow&quot;,&quot;background_slideshow_gallery&quot;:[],&quot;background_slideshow_loop&quot;:&quot;yes&quot;,&quot;background_slideshow_slide_duration&quot;:5000,&quot;background_slideshow_slide_transition&quot;:&quot;fade&quot;,&quot;background_slideshow_transition_duration&quot;:500}\">\n\t\t\t\t\t\t<div class=\"elementor-container elementor-column-gap-default\">\n\t\t\t\t\t<div class=\"elementor-column elementor-col-100 elementor-top-column elementor-element elementor-element-3e7e0974\" data-id=\"3e7e0974\" data-element_type=\"column\">\n\t\t\t<div class=\"elementor-widget-wrap elementor-element-populated\">\n\t\t\t\t\t\t<div class=\"elementor-element elementor-element-50396a88 home-slider-overlay elementor--h-position-center elementor--v-position-middle elementor-arrows-position-inside elementor-pagination-position-inside elementor-widget elementor-widget-slides\" data-id=\"50396a88\" data-element_type=\"widget\" data-settings=\"{&quot;transition&quot;:&quot;fade&quot;,&quot;autoplay_speed&quot;:3000,&quot;navigation&quot;:&quot;both&quot;,&quot;autoplay&quot;:&quot;yes&quot;,&quot;pause_on_interaction&quot;:&quot;yes&quot;,&quot;infinite&quot;:&quot;yes&quot;,&quot;transition_speed&quot;:500}\" data-widget_type=\"slides.default\">\n\t\t\t\t<div class=\"elementor-widget-container\">\n\t\t\t\t\t<div class=\"elementor-swiper\">\n\t\t\t<div class=\"elementor-slides-wrapper elementor-main-swiper swiper\" dir=\"ltr\" data-animation=\"\">\n\t\t\t\t<div class=\"swiper-wrapper elementor-slides\">\n\t\t\t\t\t\t\t\t\t\t<div class=\"elementor-repeater-item-56085d3 swiper-slide\"><div class=\"swiper-slide-bg\" role=\"img\"><\/div><div class=\"elementor-background-overlay\"><\/div><div class=\"swiper-slide-inner\" ><div class=\"swiper-slide-contents\"><div class=\"elementor-slide-heading\">Hexagon<\/div><div class=\"elementor-slide-description\"><p class=\"slider-subtitle\">Receveur de douche textur\u00e9<\/p>\n\nConfigurez votre receveur de douche texence Hexagon\n<\/div><a href=\"\/fr\/produits\/\" class=\"elementor-button elementor-slide-button elementor-size-sm\">ACHETER<\/a><\/div><\/div><\/div><div class=\"elementor-repeater-item-091ca0d swiper-slide\"><div class=\"swiper-slide-bg\" role=\"img\"><\/div><div class=\"elementor-background-overlay\"><\/div><div class=\"swiper-slide-inner\" ><div class=\"swiper-slide-contents\"><div class=\"elementor-slide-heading\">Orbed<\/div><div class=\"elementor-slide-description\"><p class=\"slider-subtitle\">Vasque Solid Surface<\/p>\n\nConfigurer votre lavabo \u00e0 poser texence<\/div><a href=\"\/fr\/produits\/\" class=\"elementor-button elementor-slide-button elementor-size-sm\">ACHETER<\/a><\/div><\/div><\/div><div class=\"elementor-repeater-item-f0420a0 swiper-slide\"><div class=\"swiper-slide-bg\" role=\"img\"><\/div><div class=\"elementor-background-overlay\"><\/div><div class=\"swiper-slide-inner\" ><div class=\"swiper-slide-contents\"><div class=\"elementor-slide-heading\">Stone<\/div><div class=\"elementor-slide-description\"><p class=\"slider-subtitle\">Receveur de douche textur\u00e9<\/p>\n\nConfigurez votre receveur de douche texence Stone<\/div><a href=\"\/fr\/produits\/\" class=\"elementor-button elementor-slide-button elementor-size-sm\">ACHETER<\/a><\/div><\/div><\/div><div class=\"elementor-repeater-item-9390608 swiper-slide\"><div class=\"swiper-slide-bg\" role=\"img\"><\/div><div class=\"elementor-background-overlay\"><\/div><div class=\"swiper-slide-inner\" ><div class=\"swiper-slide-contents\"><div class=\"elementor-slide-heading\">Baignoire<\/div><div class=\"elementor-slide-description\"><p class=\"slider-subtitle\">Baignoire \u00celot en Solid Surface<\/p>\n\nConfigurer votre baignoire texence<\/div><a href=\"\/fr\/produits\/\" class=\"elementor-button elementor-slide-button elementor-size-sm\">ACHETER<\/a><\/div><\/div><\/div><div class=\"elementor-repeater-item-96d8823 swiper-slide\"><div class=\"swiper-slide-bg\" role=\"img\"><\/div><div class=\"elementor-background-overlay\"><\/div><div class=\"swiper-slide-inner\" ><div class=\"swiper-slide-contents\"><div class=\"elementor-slide-heading\">Braided<\/div><div class=\"elementor-slide-description\"><p class=\"slider-subtitle\">Receveur de douche textur\u00e9<\/p>\n\nConfigurez votre receveur de douche texence Braided<\/div><a href=\"\/fr\/produits\/\" class=\"elementor-button elementor-slide-button elementor-size-sm\">ACHETER<\/a><\/div><\/div><\/div>\t\t\t\t<\/div>\n\t\t\t\t\t\t\t\t\t\t\t\t\t\t\t<div class=\"swiper-pagination\"><\/div>\n\t\t\t\t\t\t\t\t\t\t\t\t\t\t\t\t<div class=\"elementor-swiper-button elementor-swiper-button-prev\" role=\"button\" tabindex=\"0\">\n\t\t\t\t\t\t\t<i aria-hidden=\"true\" class=\"eicon-chevron-left\"><\/i>\t\t\t\t\t\t\t<span class=\"elementor-screen-only\">Previous slide<\/span>\n\t\t\t\t\t\t<\/div>\n\t\t\t\t\t\t<div class=\"elementor-swiper-button elementor-swiper-button-next\" role=\"button\" tabindex=\"0\">\n\t\t\t\t\t\t\t<i aria-hidden=\"true\" class=\"eicon-chevron-right\"><\/i>\t\t\t\t\t\t\t<span class=\"elementor-screen-only\">Next slide<\/span>\n\t\t\t\t\t\t<\/div>\n\t\t\t\t\t\t\t\t\t\t\t\t<\/div>\n\t\t<\/div>\n\t\t\t\t<\/div>\n\t\t\t\t<\/div>\n\t\t\t\t\t<\/div>\n\t\t<\/div>\n\t\t\t\t\t<\/div>\n\t\t<\/section>\n\t\t\t\t<\/div>\n\t\t","protected":false},"excerpt":{"rendered":"<p>Hexagon Receveur de douche textur\u00e9 Configurez votre receveur de douche texence Hexagon ACHETEROrbed Vasque Solid Surface Configurer votre lavabo \u00e0 poser texenceACHETERStone Receveur de douche textur\u00e9 Configurez votre receveur de douche texence StoneACHETERBaignoire Baignoire \u00celot en Solid Surface Configurer votre baignoire texenceACHETERBraided Receveur de douche textur\u00e9 Configurez votre receveur de douche texence BraidedACHETER Previous Next<\/p>\n","protected":false},"author":4,"featured_media":0,"parent":0,"menu_order":0,"comment_status":"closed","ping_status":"closed","template":"","meta":{"footnotes":""},"class_list":["post-2970","page","type-page","status-publish","hentry"],"_links":{"self":[{"href":"https:\/\/shoponline.texence.com\/fr\/wp-json\/wp\/v2\/pages\/2970"}],"collection":[{"href":"https:\/\/shoponline.texence.com\/fr\/wp-json\/wp\/v2\/pages"}],"about":[{"href":"https:\/\/shoponline.texence.com\/fr\/wp-json\/wp\/v2\/types\/page"}],"author":[{"embeddable":true,"href":"https:\/\/shoponline.texence.com\/fr\/wp-json\/wp\/v2\/users\/4"}],"replies":[{"embeddable":true,"href":"https:\/\/shoponline.texence.com\/fr\/wp-json\/wp\/v2\/comments?post=2970"}],"version-history":[{"count":5,"href":"https:\/\/shoponline.texence.com\/fr\/wp-json\/wp\/v2\/pages\/2970\/revisions"}],"predecessor-version":[{"id":2979,"href":"https:\/\/shoponline.texence.com\/fr\/wp-json\/wp\/v2\/pages\/2970\/revisions\/2979"}],"wp:attachment":[{"href":"https:\/\/shoponline.texence.com\/fr\/wp-json\/wp\/v2\/media?parent=2970"}],"curies":[{"name":"wp","href":"https:\/\/api.w.org\/{rel}","templated":true}]}}