{"id":1767,"date":"2021-05-04T08:21:21","date_gmt":"2021-05-04T06:21:21","guid":{"rendered":"https:\/\/stexenceshopelm02.local\/producto\/texence-smooth-surface\/"},"modified":"2021-07-23T18:57:41","modified_gmt":"2021-07-23T16:57:41","slug":"receveur-de-douche-texence-smooth-surface","status":"publish","type":"product","link":"https:\/\/shoponline.texence.com\/fr\/produits\/receveur-de-douche-texence-smooth-surface\/","title":{"rendered":"smooth surface"},"content":{"rendered":"","protected":false},"excerpt":{"rendered":"<p>Receveur de douche \u00e0 surface lisse. Il est fabriqu\u00e9 en r\u00e9sine et en charge min\u00e9rale l\u00e9g\u00e8re en utilisant la technologie de finition multicouche s-tex&#174;  qui garantit des propri\u00e9t\u00e9s de finition technique et esth\u00e9tique irr\u00e9prochables.<\/p>\n","protected":false},"featured_media":1706,"template":"","meta":[],"product_cat":[56],"product_tag":[],"class_list":{"0":"post-1767","1":"product","2":"type-product","3":"status-publish","4":"has-post-thumbnail","6":"product_cat-receveurs-de-douche","7":"tm-has-options","8":"description-off","10":"first","11":"instock","12":"taxable","13":"shipping-taxable","14":"purchasable","15":"product-type-simple"},"_links":{"self":[{"href":"https:\/\/shoponline.texence.com\/fr\/wp-json\/wp\/v2\/product\/1767"}],"collection":[{"href":"https:\/\/shoponline.texence.com\/fr\/wp-json\/wp\/v2\/product"}],"about":[{"href":"https:\/\/shoponline.texence.com\/fr\/wp-json\/wp\/v2\/types\/product"}],"version-history":[{"count":0,"href":"https:\/\/shoponline.texence.com\/fr\/wp-json\/wp\/v2\/product\/1767\/revisions"}],"wp:featuredmedia":[{"embeddable":true,"href":"https:\/\/shoponline.texence.com\/fr\/wp-json\/wp\/v2\/media\/1706"}],"wp:attachment":[{"href":"https:\/\/shoponline.texence.com\/fr\/wp-json\/wp\/v2\/media?parent=1767"}],"wp:term":[{"taxonomy":"product_cat","embeddable":true,"href":"https:\/\/shoponline.texence.com\/fr\/wp-json\/wp\/v2\/product_cat?post=1767"},{"taxonomy":"product_tag","embeddable":true,"href":"https:\/\/shoponline.texence.com\/fr\/wp-json\/wp\/v2\/product_tag?post=1767"}],"curies":[{"name":"wp","href":"https:\/\/api.w.org\/{rel}","templated":true}]}}