{"id":1770,"date":"2021-05-01T15:37:24","date_gmt":"2021-05-01T13:37:24","guid":{"rendered":"https:\/\/stexenceshopelm02.local\/producto\/texence-texture\/"},"modified":"2021-07-23T18:57:18","modified_gmt":"2021-07-23T16:57:18","slug":"receveur-de-douche-texence-texture","status":"publish","type":"product","link":"https:\/\/shoponline.texence.com\/fr\/produits\/receveur-de-douche-texence-texture\/","title":{"rendered":"texture"},"content":{"rendered":"","protected":false},"excerpt":{"rendered":"<p>Receveur de douche textur\u00e9 enti\u00e8rement personnalisable. Il est fabriqu\u00e9 en r\u00e9sine et en charge min\u00e9rale l\u00e9g\u00e8re en utilisant la technologie de finition multicouche s-tex&#174;  qui garantit des propri\u00e9t\u00e9s de finition technique et esth\u00e9tique irr\u00e9prochables.<\/p>\n","protected":false},"featured_media":1708,"template":"","meta":[],"product_cat":[56],"product_tag":[],"class_list":{"0":"post-1770","1":"product","2":"type-product","3":"status-publish","4":"has-post-thumbnail","6":"product_cat-receveurs-de-douche","7":"tm-has-options","8":"description-off","10":"first","11":"instock","12":"taxable","13":"shipping-taxable","14":"purchasable","15":"product-type-simple"},"_links":{"self":[{"href":"https:\/\/shoponline.texence.com\/fr\/wp-json\/wp\/v2\/product\/1770"}],"collection":[{"href":"https:\/\/shoponline.texence.com\/fr\/wp-json\/wp\/v2\/product"}],"about":[{"href":"https:\/\/shoponline.texence.com\/fr\/wp-json\/wp\/v2\/types\/product"}],"version-history":[{"count":0,"href":"https:\/\/shoponline.texence.com\/fr\/wp-json\/wp\/v2\/product\/1770\/revisions"}],"wp:featuredmedia":[{"embeddable":true,"href":"https:\/\/shoponline.texence.com\/fr\/wp-json\/wp\/v2\/media\/1708"}],"wp:attachment":[{"href":"https:\/\/shoponline.texence.com\/fr\/wp-json\/wp\/v2\/media?parent=1770"}],"wp:term":[{"taxonomy":"product_cat","embeddable":true,"href":"https:\/\/shoponline.texence.com\/fr\/wp-json\/wp\/v2\/product_cat?post=1770"},{"taxonomy":"product_tag","embeddable":true,"href":"https:\/\/shoponline.texence.com\/fr\/wp-json\/wp\/v2\/product_tag?post=1770"}],"curies":[{"name":"wp","href":"https:\/\/api.w.org\/{rel}","templated":true}]}}