{"id":2503,"date":"2021-07-09T12:51:34","date_gmt":"2021-07-09T10:51:35","guid":{"rendered":"https:\/\/test.texence.com\/?post_type=product&#038;p=2503"},"modified":"2021-07-29T06:33:57","modified_gmt":"2021-07-29T04:33:57","slug":"lavabo-a-poser-vasque-solid-surface","status":"publish","type":"product","link":"https:\/\/shoponline.texence.com\/fr\/produits\/lavabo-a-poser-vasque-solid-surface\/","title":{"rendered":"Vasque Solid Surface"},"content":{"rendered":"","protected":false},"excerpt":{"rendered":"<p><span class=\"bold-solid-surface-subtitle\">orbed, square &amp; oval<\/span><\/p>\n<p>Lavabo \u00e0 poser en Solid Surface avec finition ext\u00e9rieure color\u00e9e. Assortissez-le \u00e0 votre receveur de douche et profitez d&#8217;un \u00e9l\u00e9ment fonctionnel, d\u00e9coratif et personnalis\u00e9.<\/p>\n","protected":false},"featured_media":2507,"template":"","meta":[],"product_cat":[89],"product_tag":[],"class_list":{"0":"post-2503","1":"product","2":"type-product","3":"status-publish","4":"has-post-thumbnail","6":"product_cat-lavabo-a-poser","7":"tm-has-options","8":"description-off","10":"first","11":"instock","12":"taxable","13":"shipping-taxable","14":"purchasable","15":"product-type-simple"},"_links":{"self":[{"href":"https:\/\/shoponline.texence.com\/fr\/wp-json\/wp\/v2\/product\/2503"}],"collection":[{"href":"https:\/\/shoponline.texence.com\/fr\/wp-json\/wp\/v2\/product"}],"about":[{"href":"https:\/\/shoponline.texence.com\/fr\/wp-json\/wp\/v2\/types\/product"}],"version-history":[{"count":0,"href":"https:\/\/shoponline.texence.com\/fr\/wp-json\/wp\/v2\/product\/2503\/revisions"}],"wp:featuredmedia":[{"embeddable":true,"href":"https:\/\/shoponline.texence.com\/fr\/wp-json\/wp\/v2\/media\/2507"}],"wp:attachment":[{"href":"https:\/\/shoponline.texence.com\/fr\/wp-json\/wp\/v2\/media?parent=2503"}],"wp:term":[{"taxonomy":"product_cat","embeddable":true,"href":"https:\/\/shoponline.texence.com\/fr\/wp-json\/wp\/v2\/product_cat?post=2503"},{"taxonomy":"product_tag","embeddable":true,"href":"https:\/\/shoponline.texence.com\/fr\/wp-json\/wp\/v2\/product_tag?post=2503"}],"curies":[{"name":"wp","href":"https:\/\/api.w.org\/{rel}","templated":true}]}}