{"id":2795,"date":"2022-04-04T16:24:33","date_gmt":"2022-04-04T14:29:04","guid":{"rendered":"https:\/\/stexenceshop.local\/?post_type=product&#038;p=2795"},"modified":"2022-04-05T15:12:08","modified_gmt":"2022-04-05T13:12:08","slug":"solid-surface-baignoire","status":"publish","type":"product","link":"https:\/\/shoponline.texence.com\/fr\/produits\/solid-surface-baignoire\/","title":{"rendered":"Solid Surface Baignoire"},"content":{"rendered":"","protected":false},"excerpt":{"rendered":"<p>Les baignoires en solid surface texence vous permettent d&#8217;associer des finitions avec le reste de la gamme de produits texence, profitant ainsi d&#8217;un \u00e9l\u00e9ment fonctionnel unique, d\u00e9coratif et personnalis\u00e9.<\/p>\n","protected":false},"featured_media":2791,"template":"","meta":[],"product_cat":[92],"product_tag":[],"class_list":{"0":"post-2795","1":"product","2":"type-product","3":"status-publish","4":"has-post-thumbnail","6":"product_cat-baignoires","7":"tm-has-options","8":"description-off","10":"first","11":"instock","12":"taxable","13":"shipping-taxable","14":"purchasable","15":"product-type-simple"},"_links":{"self":[{"href":"https:\/\/shoponline.texence.com\/fr\/wp-json\/wp\/v2\/product\/2795"}],"collection":[{"href":"https:\/\/shoponline.texence.com\/fr\/wp-json\/wp\/v2\/product"}],"about":[{"href":"https:\/\/shoponline.texence.com\/fr\/wp-json\/wp\/v2\/types\/product"}],"version-history":[{"count":3,"href":"https:\/\/shoponline.texence.com\/fr\/wp-json\/wp\/v2\/product\/2795\/revisions"}],"predecessor-version":[{"id":2849,"href":"https:\/\/shoponline.texence.com\/fr\/wp-json\/wp\/v2\/product\/2795\/revisions\/2849"}],"wp:featuredmedia":[{"embeddable":true,"href":"https:\/\/shoponline.texence.com\/fr\/wp-json\/wp\/v2\/media\/2791"}],"wp:attachment":[{"href":"https:\/\/shoponline.texence.com\/fr\/wp-json\/wp\/v2\/media?parent=2795"}],"wp:term":[{"taxonomy":"product_cat","embeddable":true,"href":"https:\/\/shoponline.texence.com\/fr\/wp-json\/wp\/v2\/product_cat?post=2795"},{"taxonomy":"product_tag","embeddable":true,"href":"https:\/\/shoponline.texence.com\/fr\/wp-json\/wp\/v2\/product_tag?post=2795"}],"curies":[{"name":"wp","href":"https:\/\/api.w.org\/{rel}","templated":true}]}}